{"id":1269,"date":"2024-06-08T15:57:29","date_gmt":"2024-06-08T15:57:29","guid":{"rendered":"https:\/\/prontopartners.is\/?page_id=1269"},"modified":"2024-08-10T13:23:30","modified_gmt":"2024-08-10T13:23:30","slug":"privacy-policy","status":"publish","type":"page","link":"https:\/\/prontopartners.is\/en\/privacy-policy\/","title":{"rendered":"Privacy Policy"},"content":{"rendered":"<div data-elementor-type=\"wp-page\" data-elementor-id=\"1269\" class=\"elementor elementor-1269\" data-elementor-post-type=\"page\">\n\t\t\t\t<div class=\"elementor-element elementor-element-3152d811 e-con-full e-flex e-con e-parent\" data-id=\"3152d811\" data-element_type=\"container\" data-e-type=\"container\">\n\t\t\t\t<div class=\"elementor-element elementor-element-cfeb6a4 elementor-widget elementor-widget-heading\" data-id=\"cfeb6a4\" data-element_type=\"widget\" data-e-type=\"widget\" data-widget_type=\"heading.default\">\n\t\t\t\t<div class=\"elementor-widget-container\">\n\t\t\t\t\t<h1 class=\"elementor-heading-title elementor-size-default\">Privacy Policy <\/h1>\t\t\t\t<\/div>\n\t\t\t\t<\/div>\n\t\t\t\t<div class=\"elementor-element elementor-element-dd93879 elementor-widget elementor-widget-text-editor\" data-id=\"dd93879\" data-element_type=\"widget\" data-e-type=\"widget\" data-widget_type=\"text-editor.default\">\n\t\t\t\t<div class=\"elementor-widget-container\">\n\t\t\t\t\t\t\t\t\t<p>All customer informations are confidential and Pronto does not store payment card information as the transaction is carried out through the bank.<\/p>\n<p><\/p>\n<p>Personal informations are only used for the purpose for which it was collected and is stored as long as necessary.<\/p>\n<p><\/p>\n<p>Customer information will not be disclosed to third parties under any circumstances.<\/p>\n<p><\/p>\n<p>Issued invoices and payment information are maintained by Pronto due to our contracts with customers to meet the requirements of accounting and tax laws.<\/p>\n<p><\/p>\n<p>If you think your communication with us is not secure, please contact us immediately by sending an email to <a href=\"mailto:info@prontopartners.is\">info@prontopartners.is<\/a> <\/p>\t\t\t\t\t\t\t\t<\/div>\n\t\t\t\t<\/div>\n\t\t\t\t<\/div>\n\t\t\t\t<\/div>","protected":false},"excerpt":{"rendered":"<p>Pers\u00f3nuverndarstefna Allar uppl\u00fdsingar um vi\u00f0skiptavini eru tr\u00fana\u00f0arm\u00e1l og Pronto geymir ekki grei\u00f0slukortauppl\u00fdsingar \u00fear sem vi\u00f0skiptin fara fram \u00ed gegnum heimabanka. Pers\u00f3nuuppl\u00fdsingar eru einungis nota\u00f0ar \u00ed \u00feeim tilgangi sem \u00feeirra er afla\u00f0 \u00ed og eru geymdar svo lengi sem nau\u00f0syn ber til. Uppl\u00fdsingar vi\u00f0skiptavina ver\u00f0a ekki afhentar \u00feri\u00f0ja a\u00f0ila vi\u00f0 neinar a\u00f0st\u00e6\u00f0ur (undir neinum kringumst\u00e6\u00f0um). \u00datgefna<a href=\"https:\/\/prontopartners.is\/en\/privacy-policy\/\">Continue reading <span class=\"sr-only\">&#8222;Privacy Policy&#8220;<\/span><\/a><\/p>","protected":false},"author":7,"featured_media":0,"parent":0,"menu_order":0,"comment_status":"closed","ping_status":"closed","template":"","meta":{"_acf_changed":false,"footnotes":""},"class_list":["post-1269","page","type-page","status-publish","hentry"],"acf":[],"_links":{"self":[{"href":"https:\/\/prontopartners.is\/en\/wp-json\/wp\/v2\/pages\/1269","targetHints":{"allow":["GET"]}}],"collection":[{"href":"https:\/\/prontopartners.is\/en\/wp-json\/wp\/v2\/pages"}],"about":[{"href":"https:\/\/prontopartners.is\/en\/wp-json\/wp\/v2\/types\/page"}],"author":[{"embeddable":true,"href":"https:\/\/prontopartners.is\/en\/wp-json\/wp\/v2\/users\/7"}],"replies":[{"embeddable":true,"href":"https:\/\/prontopartners.is\/en\/wp-json\/wp\/v2\/comments?post=1269"}],"version-history":[{"count":12,"href":"https:\/\/prontopartners.is\/en\/wp-json\/wp\/v2\/pages\/1269\/revisions"}],"predecessor-version":[{"id":2224,"href":"https:\/\/prontopartners.is\/en\/wp-json\/wp\/v2\/pages\/1269\/revisions\/2224"}],"wp:attachment":[{"href":"https:\/\/prontopartners.is\/en\/wp-json\/wp\/v2\/media?parent=1269"}],"curies":[{"name":"wp","href":"https:\/\/api.w.org\/{rel}","templated":true}]}}