{"id":1269,"date":"2024-06-08T15:57:29","date_gmt":"2024-06-08T15:57:29","guid":{"rendered":"https:\/\/prontopartners.is\/?page_id=1269"},"modified":"2024-08-10T13:23:30","modified_gmt":"2024-08-10T13:23:30","slug":"privacy-policy","status":"publish","type":"page","link":"https:\/\/prontopartners.is\/es\/privacy-policy\/","title":{"rendered":"Privacy Policy"},"content":{"rendered":"<div data-elementor-type=\"wp-page\" data-elementor-id=\"1269\" class=\"elementor elementor-1269\" data-elementor-post-type=\"page\">\n\t\t\t\t<div class=\"elementor-element elementor-element-3152d811 e-con-full e-flex e-con e-parent\" data-id=\"3152d811\" data-element_type=\"container\" data-e-type=\"container\">\n\t\t\t\t<div class=\"elementor-element elementor-element-cfeb6a4 elementor-widget elementor-widget-heading\" data-id=\"cfeb6a4\" data-element_type=\"widget\" data-e-type=\"widget\" data-widget_type=\"heading.default\">\n\t\t\t\t<div class=\"elementor-widget-container\">\n\t\t\t\t\t<h1 class=\"elementor-heading-title elementor-size-default\">Pol\u00edtica de Privacidad <\/h1>\t\t\t\t<\/div>\n\t\t\t\t<\/div>\n\t\t\t\t<div class=\"elementor-element elementor-element-dd93879 elementor-widget elementor-widget-text-editor\" data-id=\"dd93879\" data-element_type=\"widget\" data-e-type=\"widget\" data-widget_type=\"text-editor.default\">\n\t\t\t\t<div class=\"elementor-widget-container\">\n\t\t\t\t\t\t\t\t\t<p>Allar uppl\u00fdsingar um vi\u00f0skiptavini eru tr\u00fana\u00f0arm\u00e1l og Pronto geymir ekki grei\u00f0slukortauppl\u00fdsingar \u00fear sem vi\u00f0skiptin fara fram \u00ed gegnum heimabanka.<\/p>\n<p><\/p>\n<p>La informaci\u00f3n personal se utiliza \u00fanicamente para el prop\u00f3sito por el cual fue recopilada y se almacena durante el tiempo necesario.<\/p>\n<p><\/p>\n<p>La informaci\u00f3n del cliente no se divulgar\u00e1 a terceros bajo ninguna circunstancia.<\/p>\n<p><\/p>\n<p>Las facturas emitidas y la informaci\u00f3n de pago son mantenidas por Pronto debido a nuestros contratos con los clientes para cumplir con los requisitos de las leyes contables y fiscales.<\/p>\n<p><\/p>\n<p>Si cree que su comunicaci\u00f3n con nosotros no es segura, p\u00f3ngase en contacto con nosotros de inmediato enviando un correo electr\u00f3nico a <a href=\"mailto:info@prontopartners.is\">info@prontopartners.is<\/a> <\/p>\t\t\t\t\t\t\t\t<\/div>\n\t\t\t\t<\/div>\n\t\t\t\t<\/div>\n\t\t\t\t<\/div>","protected":false},"excerpt":{"rendered":"<p>Pers\u00f3nuverndarstefna Allar uppl\u00fdsingar um vi\u00f0skiptavini eru tr\u00fana\u00f0arm\u00e1l og Pronto geymir ekki grei\u00f0slukortauppl\u00fdsingar \u00fear sem vi\u00f0skiptin fara fram \u00ed gegnum heimabanka. Pers\u00f3nuuppl\u00fdsingar eru einungis nota\u00f0ar \u00ed \u00feeim tilgangi sem \u00feeirra er afla\u00f0 \u00ed og eru geymdar svo lengi sem nau\u00f0syn ber til. Uppl\u00fdsingar vi\u00f0skiptavina ver\u00f0a ekki afhentar \u00feri\u00f0ja a\u00f0ila vi\u00f0 neinar a\u00f0st\u00e6\u00f0ur (undir neinum kringumst\u00e6\u00f0um). \u00datgefna<a href=\"https:\/\/prontopartners.is\/es\/privacy-policy\/\">Continue reading <span class=\"sr-only\">&#8222;Privacy Policy&#8220;<\/span><\/a><\/p>","protected":false},"author":7,"featured_media":0,"parent":0,"menu_order":0,"comment_status":"closed","ping_status":"closed","template":"","meta":{"_acf_changed":false,"footnotes":""},"class_list":["post-1269","page","type-page","status-publish","hentry"],"acf":[],"_links":{"self":[{"href":"https:\/\/prontopartners.is\/es\/wp-json\/wp\/v2\/pages\/1269","targetHints":{"allow":["GET"]}}],"collection":[{"href":"https:\/\/prontopartners.is\/es\/wp-json\/wp\/v2\/pages"}],"about":[{"href":"https:\/\/prontopartners.is\/es\/wp-json\/wp\/v2\/types\/page"}],"author":[{"embeddable":true,"href":"https:\/\/prontopartners.is\/es\/wp-json\/wp\/v2\/users\/7"}],"replies":[{"embeddable":true,"href":"https:\/\/prontopartners.is\/es\/wp-json\/wp\/v2\/comments?post=1269"}],"version-history":[{"count":12,"href":"https:\/\/prontopartners.is\/es\/wp-json\/wp\/v2\/pages\/1269\/revisions"}],"predecessor-version":[{"id":2224,"href":"https:\/\/prontopartners.is\/es\/wp-json\/wp\/v2\/pages\/1269\/revisions\/2224"}],"wp:attachment":[{"href":"https:\/\/prontopartners.is\/es\/wp-json\/wp\/v2\/media?parent=1269"}],"curies":[{"name":"wp","href":"https:\/\/api.w.org\/{rel}","templated":true}]}}