{"id":160,"date":"2024-03-12T16:51:00","date_gmt":"2024-03-12T16:51:00","guid":{"rendered":"https:\/\/prontopartners.is\/?page_id=160"},"modified":"2024-08-10T12:56:06","modified_gmt":"2024-08-10T12:56:06","slug":"pronto-nordic-aps","status":"publish","type":"page","link":"https:\/\/prontopartners.is\/es\/pronto-nordic-aps\/","title":{"rendered":"Pronto Nordic Aps"},"content":{"rendered":"<div data-elementor-type=\"wp-page\" data-elementor-id=\"160\" class=\"elementor elementor-160\" data-elementor-post-type=\"page\">\n\t\t\t\t<div class=\"elementor-element elementor-element-4596437 e-con-full e-flex e-con e-parent\" data-id=\"4596437\" data-element_type=\"container\" data-e-type=\"container\" data-settings=\"{&quot;background_background&quot;:&quot;classic&quot;}\">\n\t\t<div class=\"elementor-element elementor-element-0313ace e-con-full e-flex e-con e-child\" data-id=\"0313ace\" data-element_type=\"container\" data-e-type=\"container\">\n\t\t\t\t<div class=\"elementor-element elementor-element-4cc0a9f elementor-widget__width-initial elementor-widget-tablet__width-inherit elementor-widget-mobile__width-initial elementor-widget elementor-widget-heading\" data-id=\"4cc0a9f\" data-element_type=\"widget\" data-e-type=\"widget\" data-widget_type=\"heading.default\">\n\t\t\t\t<div class=\"elementor-widget-container\">\n\t\t\t\t\t<h1 class=\"elementor-heading-title elementor-size-default\">Pronto Nordic APS<\/h1>\t\t\t\t<\/div>\n\t\t\t\t<\/div>\n\t\t\t\t<div class=\"elementor-element elementor-element-6c23cf1 elementor-widget__width-initial elementor-widget-tablet__width-inherit elementor-widget elementor-widget-text-editor\" data-id=\"6c23cf1\" data-element_type=\"widget\" data-e-type=\"widget\" data-widget_type=\"text-editor.default\">\n\t\t\t\t<div class=\"elementor-widget-container\">\n\t\t\t\t\t\t\t\t\t<p>Pronto Nordic Aps. er danskt d\u00f3tturfyrirt\u00e6ki Pronto Partners ehf. sem \u00e1 og rekur vefverslunina drinx.is.<\/p><p>\u00a0<\/p><p>Fyrir vi\u00f0skipti \u00e1 s\u00edn \u00e1 \u00cdslandi er Pronto Nordic Aps. me\u00f0 \u00edslenska kennit\u00f6lu og vsk n\u00famer.<br \/>Kt. 521222-9800<br \/>Vsk nr. 147254.<\/p><p>\u00a0<\/p><p>Vefverslunin drinx.is b\u00fd\u00f0ur vi\u00f0skiptavinum upp \u00e1 au\u00f0velda lei\u00f0 til a\u00f0 velja hva\u00f0a drykk sem er, vi\u00f0 hva\u00f0a tilefni sem er, hvar sem er \u00e1 \u00cdslandi.<\/p>\t\t\t\t\t\t\t\t<\/div>\n\t\t\t\t<\/div>\n\t\t\t\t<div class=\"elementor-element elementor-element-4f57e32 elementor-hidden-desktop elementor-hidden-tablet elementor-widget elementor-widget-image\" data-id=\"4f57e32\" data-element_type=\"widget\" data-e-type=\"widget\" data-widget_type=\"image.default\">\n\t\t\t\t<div class=\"elementor-widget-container\">\n\t\t\t\t\t\t\t\t\t\t\t\t\t\t\t<img fetchpriority=\"high\" decoding=\"async\" width=\"2816\" height=\"2698\" src=\"https:\/\/prontopartners.is\/wp-content\/uploads\/2024\/03\/Nortic.png\" class=\"attachment-full size-full wp-image-162\" alt=\"Nortic\" srcset=\"https:\/\/prontopartners.is\/wp-content\/uploads\/2024\/03\/Nortic.png 2816w, https:\/\/prontopartners.is\/wp-content\/uploads\/2024\/03\/Nortic-300x287.png 300w, https:\/\/prontopartners.is\/wp-content\/uploads\/2024\/03\/Nortic-431x413.png 431w, https:\/\/prontopartners.is\/wp-content\/uploads\/2024\/03\/Nortic-1024x981.png 1024w, https:\/\/prontopartners.is\/wp-content\/uploads\/2024\/03\/Nortic-768x736.png 768w, https:\/\/prontopartners.is\/wp-content\/uploads\/2024\/03\/Nortic-1536x1472.png 1536w, https:\/\/prontopartners.is\/wp-content\/uploads\/2024\/03\/Nortic-2048x1962.png 2048w\" sizes=\"(max-width: 2816px) 100vw, 2816px\" \/>\t\t\t\t\t\t\t\t\t\t\t\t\t\t\t<\/div>\n\t\t\t\t<\/div>\n\t\t\t\t<div class=\"elementor-element elementor-element-ed8bd59 elementor-widget elementor-widget-text-editor\" data-id=\"ed8bd59\" data-element_type=\"widget\" data-e-type=\"widget\" data-widget_type=\"text-editor.default\">\n\t\t\t\t<div class=\"elementor-widget-container\">\n\t\t\t\t\t\t\t\t\t<p>Vefs\u00ed\u00f0an opnar flj\u00f3tlega!<\/p>\t\t\t\t\t\t\t\t<\/div>\n\t\t\t\t<\/div>\n\t\t\t\t<\/div>\n\t\t<div class=\"elementor-element elementor-element-7817a6f e-con-full elementor-hidden-mobile e-flex e-con e-child\" data-id=\"7817a6f\" data-element_type=\"container\" data-e-type=\"container\">\n\t\t\t\t<div class=\"elementor-element elementor-element-ec7a3dd elementor-widget elementor-widget-image\" data-id=\"ec7a3dd\" data-element_type=\"widget\" data-e-type=\"widget\" data-widget_type=\"image.default\">\n\t\t\t\t<div class=\"elementor-widget-container\">\n\t\t\t\t\t\t\t\t\t\t\t\t\t\t\t<img fetchpriority=\"high\" decoding=\"async\" width=\"2816\" height=\"2698\" src=\"https:\/\/prontopartners.is\/wp-content\/uploads\/2024\/03\/Nortic.png\" class=\"attachment-full size-full wp-image-162\" alt=\"Nortic\" srcset=\"https:\/\/prontopartners.is\/wp-content\/uploads\/2024\/03\/Nortic.png 2816w, https:\/\/prontopartners.is\/wp-content\/uploads\/2024\/03\/Nortic-300x287.png 300w, https:\/\/prontopartners.is\/wp-content\/uploads\/2024\/03\/Nortic-431x413.png 431w, https:\/\/prontopartners.is\/wp-content\/uploads\/2024\/03\/Nortic-1024x981.png 1024w, https:\/\/prontopartners.is\/wp-content\/uploads\/2024\/03\/Nortic-768x736.png 768w, https:\/\/prontopartners.is\/wp-content\/uploads\/2024\/03\/Nortic-1536x1472.png 1536w, https:\/\/prontopartners.is\/wp-content\/uploads\/2024\/03\/Nortic-2048x1962.png 2048w\" sizes=\"(max-width: 2816px) 100vw, 2816px\" \/>\t\t\t\t\t\t\t\t\t\t\t\t\t\t\t<\/div>\n\t\t\t\t<\/div>\n\t\t\t\t<\/div>\n\t\t\t\t<\/div>\n\t\t\t\t<\/div>","protected":false},"excerpt":{"rendered":"<p>Pronto Nordic APS Pronto Nordic Aps. er danskt d\u00f3tturfyrirt\u00e6ki Pronto Partners ehf. sem \u00e1 og rekur vefverslunina drinx.is. \u00a0 Fyrir vi\u00f0skipti \u00e1 s\u00edn \u00e1 \u00cdslandi er Pronto Nordic Aps. me\u00f0 \u00edslenska kennit\u00f6lu og vsk n\u00famer.Kt. 521222-9800Vsk nr. 147254. \u00a0 Vefverslunin drinx.is b\u00fd\u00f0ur vi\u00f0skiptavinum upp \u00e1 au\u00f0velda lei\u00f0 til a\u00f0 velja hva\u00f0a drykk sem er, vi\u00f0<a href=\"https:\/\/prontopartners.is\/es\/pronto-nordic-aps\/\">Continue reading <span class=\"sr-only\">&#8222;Pronto Nordic Aps&#8220;<\/span><\/a><\/p>","protected":false},"author":1,"featured_media":0,"parent":0,"menu_order":0,"comment_status":"closed","ping_status":"closed","template":"","meta":{"_acf_changed":false,"footnotes":""},"class_list":["post-160","page","type-page","status-publish","hentry"],"acf":[],"_links":{"self":[{"href":"https:\/\/prontopartners.is\/es\/wp-json\/wp\/v2\/pages\/160","targetHints":{"allow":["GET"]}}],"collection":[{"href":"https:\/\/prontopartners.is\/es\/wp-json\/wp\/v2\/pages"}],"about":[{"href":"https:\/\/prontopartners.is\/es\/wp-json\/wp\/v2\/types\/page"}],"author":[{"embeddable":true,"href":"https:\/\/prontopartners.is\/es\/wp-json\/wp\/v2\/users\/1"}],"replies":[{"embeddable":true,"href":"https:\/\/prontopartners.is\/es\/wp-json\/wp\/v2\/comments?post=160"}],"version-history":[{"count":25,"href":"https:\/\/prontopartners.is\/es\/wp-json\/wp\/v2\/pages\/160\/revisions"}],"predecessor-version":[{"id":2198,"href":"https:\/\/prontopartners.is\/es\/wp-json\/wp\/v2\/pages\/160\/revisions\/2198"}],"wp:attachment":[{"href":"https:\/\/prontopartners.is\/es\/wp-json\/wp\/v2\/media?parent=160"}],"curies":[{"name":"wp","href":"https:\/\/api.w.org\/{rel}","templated":true}]}}